{"id":1407,"date":"2018-09-19T14:47:47","date_gmt":"2018-09-19T14:47:47","guid":{"rendered":"http:\/\/law-firm.bold-themes.com\/master-import\/?page_id=1407"},"modified":"2026-02-25T22:52:49","modified_gmt":"2026-02-25T22:52:49","slug":"equipe","status":"publish","type":"page","link":"http:\/\/www.unispourdrap.fr\/?page_id=1407","title":{"rendered":"Vos futurs \u00c9lus"},"content":{"rendered":"<p><section data-bb-version=\"5.4.2\" id=\"bt_bb_section69dacd87da2cd\" class=\"bt_bb_section bt_bb_layout_boxed_1200 bt_bb_vertical_align_top bt_bb_top_spacing_large bt_bb_bottom_spacing_large\" style=\";background-color:rgba(30,115,190,0.34);\" data-bt-override-class=\"null\"><div class=\"bt_bb_port\"><div class=\"bt_bb_cell\"><div class=\"bt_bb_cell_inner\"><div class=\"bt_bb_row  bt_bb_column_gap_15\" style=\"; --column-gap:15px;\" data-bt-override-class=\"{}\"><div class=\"bt_bb_row_holder\" ><div  class=\"bt_bb_column col-xxl-4 col-xl-4 bt_bb_vertical_align_top bt_bb_align_left bt_bb_padding_normal bt_bb_animation_fade_in animate bt_bb_shape_inherit\" style=\"; --column-width:4;\" data-width=\"4\" data-bt-override-class=\"{}\"><div class=\"bt_bb_column_content\"><div class=\"bt_bb_column_content_inner\"><\/div><\/div><\/div><div  class=\"bt_bb_column col-xxl-4 col-xl-4 bt_bb_vertical_align_top bt_bb_align_left bt_bb_padding_normal bt_bb_animation_fade_in animate bt_bb_shape_inherit\" style=\"; --column-width:4;\" data-width=\"4\" data-bt-override-class=\"{}\"><div class=\"bt_bb_column_content\"><div class=\"bt_bb_column_content_inner\"><\/div><\/div><\/div><div  class=\"bt_bb_column col-xxl-4 col-xl-4 bt_bb_vertical_align_top bt_bb_align_left bt_bb_padding_normal bt_bb_animation_fade_in animate bt_bb_shape_inherit\" style=\"; --column-width:4;\" data-width=\"4\" data-bt-override-class=\"{}\"><div class=\"bt_bb_column_content\"><div class=\"bt_bb_column_content_inner\"><\/div><\/div><\/div><\/div><\/div><div class=\"bt_bb_row \"  data-bt-override-class=\"{}\"><div class=\"bt_bb_row_holder\" ><div  class=\"bt_bb_column col-xxl-12 col-xl-12 bt_bb_vertical_align_top bt_bb_align_left bt_bb_padding_normal bt_bb_shape_inherit\" style=\"; --column-width:12;\" data-width=\"12\" data-bt-override-class=\"{}\"><div class=\"bt_bb_column_content\"><div class=\"bt_bb_column_content_inner\"><\/div><\/div><\/div><\/div><\/div><div class=\"bt_bb_row  bt_bb_column_gap_0 bt_bb_border_visible\" style=\"; --column-gap:0px;\" data-bt-override-class=\"{}\"><div class=\"bt_bb_row_holder\" ><div  class=\"bt_bb_column col-xxl-6 col-xl-6 bt_bb_vertical_align_middle bt_bb_align_left bt_bb_padding_normal bt_bb_animation_fade_in animate bt_bb_shape_inherit\" style=\"; --column-width:6;\" data-width=\"6\" data-bt-override-class=\"{}\"><div class=\"bt_bb_column_content\"><div class=\"bt_bb_column_content_inner\"><div data-bb-version=\"5.4.2\" class=\"bt_bb_image bt_bb_shape_square bt_bb_target_self bt_bb_align_center bt_bb_hover_style_simple bt_bb_content_display_always bt_bb_content_align_middle\" data-bt-override-class=\"{&quot;bt_bb_align_&quot;:{&quot;current_class&quot;:&quot;bt_bb_align_center&quot;,&quot;def&quot;:&quot;center&quot;},&quot;bt_bb_content_display_&quot;:{&quot;current_class&quot;:&quot;bt_bb_content_display_always&quot;,&quot;def&quot;:&quot;always&quot;}}\"><span><img loading=\"lazy\" decoding=\"async\" width=\"1366\" height=\"768\" src=\"http:\/\/www.unispourdrap.fr\/wp-content\/uploads\/2026\/02\/BIANCHI.png\" class=\"attachment-full size-full\" alt=\"http:\/\/www.unispourdrap.fr\/wp-content\/uploads\/2026\/02\/BIANCHI.png\" data-full_image_src=\"http:\/\/www.unispourdrap.fr\/wp-content\/uploads\/2026\/02\/BIANCHI.png\" title=\"BIANCHI\" srcset=\"http:\/\/www.unispourdrap.fr\/wp-content\/uploads\/2026\/02\/BIANCHI.png 1366w, http:\/\/www.unispourdrap.fr\/wp-content\/uploads\/2026\/02\/BIANCHI-640x360.png 640w, http:\/\/www.unispourdrap.fr\/wp-content\/uploads\/2026\/02\/BIANCHI-1280x720.png 1280w, http:\/\/www.unispourdrap.fr\/wp-content\/uploads\/2026\/02\/BIANCHI-768x432.png 768w, http:\/\/www.unispourdrap.fr\/wp-content\/uploads\/2026\/02\/BIANCHI-320x180.png 320w\" sizes=\"auto, (max-width: 1366px) 100vw, 1366px\" \/><\/span><\/div><\/div><\/div><\/div><div  class=\"bt_bb_column col-xxl-6 col-xl-6 bt_bb_color_scheme_11 bt_bb_vertical_align_middle bt_bb_align_left bt_bb_padding_50 bt_bb_animation_fade_in animate bt_bb_shape_inherit\" style=\"; --column-primary-color:#191919; --column-secondary-color:#f2f2f2;; --column-width:6;\" data-width=\"6\" data-bt-override-class=\"{}\"><div class=\"bt_bb_column_content\"><div class=\"bt_bb_column_content_inner\"><div class=\"bt_bb_separator bt_bb_border_style_none bt_bb_bottom_spacing_medium\" data-bt-override-class=\"null\"><\/div><header data-bb-version=\"5.4.2\" class=\"bt_bb_headline bt_bb_dash_none bt_bb_superheadline bt_bb_size_extralarge bt_bb_align_inherit\" data-bt-override-class=\"{}\"><h3 class=\"bt_bb_headline_tag\"><span class=\"bt_bb_headline_superheadline\">Candidat <\/span><span class=\"bt_bb_headline_content\"><span>Romain BIANCHI<\/span><\/span><\/h3><\/header><div class=\"bt_bb_separator bt_bb_border_style_none bt_bb_bottom_spacing_normal\" data-bt-override-class=\"null\"><\/div><div  class=\"bt_bb_text\" ><\/p>\n<h3 data-start=\"156\" data-end=\"193\">Un Drapois engag\u00e9, proche de vous<\/h3>\n<p data-start=\"195\" data-end=\"346\">Avant tout, je suis un habitant de Drap.<br data-start=\"235\" data-end=\"238\" \/>Un voisin, un parent, un citoyen attach\u00e9 \u00e0 notre village, \u00e0 son cadre de vie et aux liens qui nous unissent.<\/p>\n<p data-start=\"348\" data-end=\"513\">J\u2019ai choisi de m\u2019engager parce que je crois profond\u00e9ment que notre commune m\u00e9rite une attention sinc\u00e8re, une \u00e9coute r\u00e9elle et une action concr\u00e8te au service de tous.<\/p>\n<p data-start=\"567\" data-end=\"779\">Je rencontre r\u00e9guli\u00e8rement des habitants qui me parlent de leur quotidien :<br data-start=\"642\" data-end=\"645\" \/>la vie de nos \u00e9coles, la tranquillit\u00e9 dans nos quartiers, l\u2019avenir de nos jeunes, la place de nos a\u00een\u00e9s, la vitalit\u00e9 de nos commerces.<\/p>\n<p data-start=\"781\" data-end=\"871\">Ces \u00e9changes sont essentiels.<br data-start=\"810\" data-end=\"813\" \/>Ils nourrissent ma r\u00e9flexion et renforcent ma conviction :<\/p>\n<p data-start=\"873\" data-end=\"944\"><strong data-start=\"873\" data-end=\"944\">Une commune forte se construit avec ses habitants, jamais sans eux.<\/strong><\/p>\n<p>\n<\/div><div class=\"bt_bb_separator bt_bb_border_style_none bt_bb_bottom_spacing_normal\" data-bt-override-class=\"null\"><\/div><div class=\"bt_bb_separator bt_bb_border_style_none bt_bb_bottom_spacing_medium\" data-bt-override-class=\"null\"><\/div><\/div><\/div><\/div><\/div><\/div><\/div><!-- cell_inner --><\/div><!-- cell --><\/div><!-- port --><\/section><section id=\"bt_bb_section69dacd87daf78\" class=\"bt_bb_section bt_bb_color_scheme_11 bt_bb_layout_boxed_1200 bt_bb_vertical_align_top bt_bb_top_spacing_large bt_bb_bottom_spacing_large\" style=\"; --section-primary-color:#191919; --section-secondary-color:#f2f2f2;\" data-bt-override-class=\"null\"><div class=\"bt_bb_port\"><div class=\"bt_bb_cell\"><div class=\"bt_bb_cell_inner\"><div class=\"bt_bb_row  bt_bb_column_gap_15 bt_bb_border_visible\" style=\"; --column-gap:15px;\" data-bt-override-class=\"{}\"><div class=\"bt_bb_row_holder\" ><div  class=\"bt_bb_column col-xxl-3 col-xl-3 bt_bb_vertical_align_top bt_bb_align_left bt_bb_padding_text_indent bt_bb_animation_fade_in animate bt_bb_shape_inherit\" style=\"; --column-width:3;\" data-width=\"3\" data-bt-override-class=\"{}\"><div class=\"bt_bb_column_content\" style=\"background-color:rgba(255, 255, 255, 1);\"><div class=\"bt_bb_column_content_inner\"><div class=\"bt_bb_separator bt_bb_border_style_none bt_bb_bottom_spacing_normal\" data-bt-override-class=\"null\"><\/div><header class=\"bt_bb_headline bt_bb_color_scheme_5 bt_bb_dash_none bt_bb_superheadline bt_bb_size_small bt_bb_align_inherit\" style=\"; --primary-color:#191919; --secondary-color:#f8af24;\" data-bt-override-class=\"{}\"><h3 class=\"bt_bb_headline_tag\"><span class=\"bt_bb_headline_superheadline\">EXECUTIVE COMMITTEE MEMBER<\/span><span class=\"bt_bb_headline_content\"><span>Cindy James<\/span><\/span><\/h3><\/header><div class=\"bt_bb_separator bt_bb_border_style_none bt_bb_bottom_spacing_small\" data-bt-override-class=\"null\"><\/div><div class=\"bt_bb_icon bt_bb_color_scheme_20 bt_bb_style_borderless bt_bb_size_small bt_bb_shape_circle bt_bb_target_self bt_bb_text_empty bt_bb_align_inherit\" style=\"; --primary-color:#808080; --secondary-color:#f8af24;\" data-bt-override-class=\"{}\"><span  data-ico-fontawesome=\"&#xf09a;\" class=\"bt_bb_icon_holder\"><\/span><\/div><div class=\"bt_bb_icon bt_bb_color_scheme_20 bt_bb_style_borderless bt_bb_size_small bt_bb_shape_circle bt_bb_target_self bt_bb_text_empty bt_bb_align_inherit\" style=\"; --primary-color:#808080; --secondary-color:#f8af24;\" data-bt-override-class=\"{}\"><span  data-ico-fontawesome=\"&#xf099;\" class=\"bt_bb_icon_holder\"><\/span><\/div><div class=\"bt_bb_icon bt_bb_color_scheme_20 bt_bb_style_borderless bt_bb_size_small bt_bb_shape_circle bt_bb_target_self bt_bb_text_empty bt_bb_align_inherit\" style=\"; --primary-color:#808080; --secondary-color:#f8af24;\" data-bt-override-class=\"{}\"><span  data-ico-fontawesome=\"&#xf0e0;\" class=\"bt_bb_icon_holder\"><\/span><\/div><div class=\"bt_bb_separator bt_bb_border_style_none bt_bb_bottom_spacing_small\" data-bt-override-class=\"null\"><\/div><\/div><\/div><\/div><div  class=\"bt_bb_column col-xxl-3 col-xl-3 bt_bb_vertical_align_top bt_bb_align_left bt_bb_padding_text_indent bt_bb_animation_fade_in animate bt_bb_shape_inherit\" style=\"; --column-width:3;\" data-width=\"3\" data-bt-override-class=\"{}\"><div class=\"bt_bb_column_content\" style=\"background-color:rgba(255, 255, 255, 1);\"><div class=\"bt_bb_column_content_inner\"><div class=\"bt_bb_separator bt_bb_border_style_none bt_bb_bottom_spacing_normal\" data-bt-override-class=\"null\"><\/div><header class=\"bt_bb_headline bt_bb_color_scheme_5 bt_bb_dash_none bt_bb_superheadline bt_bb_size_small bt_bb_align_inherit\" style=\"; --primary-color:#191919; --secondary-color:#f8af24;\" data-bt-override-class=\"{}\"><h3 class=\"bt_bb_headline_tag\"><span class=\"bt_bb_headline_superheadline\">EXECUTIVE COMMITTEE MEMBER<\/span><span class=\"bt_bb_headline_content\"><span>Rick Cofer<\/span><\/span><\/h3><\/header><div class=\"bt_bb_separator bt_bb_border_style_none bt_bb_bottom_spacing_small\" data-bt-override-class=\"null\"><\/div><div class=\"bt_bb_icon bt_bb_color_scheme_20 bt_bb_style_borderless bt_bb_size_small bt_bb_shape_circle bt_bb_target_self bt_bb_text_empty bt_bb_align_inherit\" style=\"; --primary-color:#808080; --secondary-color:#f8af24;\" data-bt-override-class=\"{}\"><span  data-ico-fontawesome=\"&#xf09a;\" class=\"bt_bb_icon_holder\"><\/span><\/div><div class=\"bt_bb_icon bt_bb_color_scheme_20 bt_bb_style_borderless bt_bb_size_small bt_bb_shape_circle bt_bb_target_self bt_bb_text_empty bt_bb_align_inherit\" style=\"; --primary-color:#808080; --secondary-color:#f8af24;\" data-bt-override-class=\"{}\"><span  data-ico-fontawesome=\"&#xf099;\" class=\"bt_bb_icon_holder\"><\/span><\/div><div class=\"bt_bb_icon bt_bb_color_scheme_20 bt_bb_style_borderless bt_bb_size_small bt_bb_shape_circle bt_bb_target_self bt_bb_text_empty bt_bb_align_inherit\" style=\"; --primary-color:#808080; --secondary-color:#f8af24;\" data-bt-override-class=\"{}\"><span  data-ico-fontawesome=\"&#xf0e0;\" class=\"bt_bb_icon_holder\"><\/span><\/div><div class=\"bt_bb_separator bt_bb_border_style_none bt_bb_bottom_spacing_small\" data-bt-override-class=\"null\"><\/div><\/div><\/div><\/div><div  class=\"bt_bb_column col-xxl-3 col-xl-3 bt_bb_vertical_align_top bt_bb_align_left bt_bb_padding_text_indent bt_bb_animation_fade_in animate bt_bb_shape_inherit\" style=\"; --column-width:3;\" data-width=\"3\" data-bt-override-class=\"{}\"><div class=\"bt_bb_column_content\" style=\"background-color:rgba(255, 255, 255, 1);\"><div class=\"bt_bb_column_content_inner\"><div class=\"bt_bb_separator bt_bb_border_style_none bt_bb_bottom_spacing_normal\" data-bt-override-class=\"null\"><\/div><header class=\"bt_bb_headline bt_bb_color_scheme_5 bt_bb_dash_none bt_bb_superheadline bt_bb_size_small bt_bb_align_inherit\" style=\"; --primary-color:#191919; --secondary-color:#f8af24;\" data-bt-override-class=\"{}\"><h3 class=\"bt_bb_headline_tag\"><span class=\"bt_bb_headline_superheadline\">EXECUTIVE COMMITTEE MEMBER<\/span><span class=\"bt_bb_headline_content\"><span>Ross Peavey<\/span><\/span><\/h3><\/header><div class=\"bt_bb_separator bt_bb_border_style_none bt_bb_bottom_spacing_small\" data-bt-override-class=\"null\"><\/div><div class=\"bt_bb_icon bt_bb_color_scheme_20 bt_bb_style_borderless bt_bb_size_small bt_bb_shape_circle bt_bb_target_self bt_bb_text_empty bt_bb_align_inherit\" style=\"; --primary-color:#808080; --secondary-color:#f8af24;\" data-bt-override-class=\"{}\"><span  data-ico-fontawesome=\"&#xf09a;\" class=\"bt_bb_icon_holder\"><\/span><\/div><div class=\"bt_bb_icon bt_bb_color_scheme_20 bt_bb_style_borderless bt_bb_size_small bt_bb_shape_circle bt_bb_target_self bt_bb_text_empty bt_bb_align_inherit\" style=\"; --primary-color:#808080; --secondary-color:#f8af24;\" data-bt-override-class=\"{}\"><span  data-ico-fontawesome=\"&#xf099;\" class=\"bt_bb_icon_holder\"><\/span><\/div><div class=\"bt_bb_icon bt_bb_color_scheme_20 bt_bb_style_borderless bt_bb_size_small bt_bb_shape_circle bt_bb_target_self bt_bb_text_empty bt_bb_align_inherit\" style=\"; --primary-color:#808080; --secondary-color:#f8af24;\" data-bt-override-class=\"{}\"><span  data-ico-fontawesome=\"&#xf0e0;\" class=\"bt_bb_icon_holder\"><\/span><\/div><div class=\"bt_bb_separator bt_bb_border_style_none bt_bb_bottom_spacing_small\" data-bt-override-class=\"null\"><\/div><\/div><\/div><\/div><div  class=\"bt_bb_column col-xxl-3 col-xl-3 bt_bb_vertical_align_top bt_bb_align_left bt_bb_padding_text_indent bt_bb_animation_fade_in animate bt_bb_shape_inherit\" style=\"; --column-width:3;\" data-width=\"3\" data-bt-override-class=\"{}\"><div class=\"bt_bb_column_content\" style=\"background-color:rgba(255, 255, 255, 1);\"><div class=\"bt_bb_column_content_inner\"><div class=\"bt_bb_separator bt_bb_border_style_none bt_bb_bottom_spacing_normal\" data-bt-override-class=\"null\"><\/div><header class=\"bt_bb_headline bt_bb_color_scheme_5 bt_bb_dash_none bt_bb_superheadline bt_bb_size_small bt_bb_align_inherit\" style=\"; --primary-color:#191919; --secondary-color:#f8af24;\" data-bt-override-class=\"{}\"><h3 class=\"bt_bb_headline_tag\"><span class=\"bt_bb_headline_superheadline\">EXECUTIVE COMMITTEE MEMBER<\/span><span class=\"bt_bb_headline_content\"><span>Marty Galindo<\/span><\/span><\/h3><\/header><div class=\"bt_bb_separator bt_bb_border_style_none bt_bb_bottom_spacing_small\" data-bt-override-class=\"null\"><\/div><div class=\"bt_bb_icon bt_bb_color_scheme_20 bt_bb_style_borderless bt_bb_size_small bt_bb_shape_circle bt_bb_target_self bt_bb_text_empty bt_bb_align_inherit\" style=\"; --primary-color:#808080; --secondary-color:#f8af24;\" data-bt-override-class=\"{}\"><span  data-ico-fontawesome=\"&#xf09a;\" class=\"bt_bb_icon_holder\"><\/span><\/div><div class=\"bt_bb_icon bt_bb_color_scheme_20 bt_bb_style_borderless bt_bb_size_small bt_bb_shape_circle bt_bb_target_self bt_bb_text_empty bt_bb_align_inherit\" style=\"; --primary-color:#808080; --secondary-color:#f8af24;\" data-bt-override-class=\"{}\"><span  data-ico-fontawesome=\"&#xf099;\" class=\"bt_bb_icon_holder\"><\/span><\/div><div class=\"bt_bb_icon bt_bb_color_scheme_20 bt_bb_style_borderless bt_bb_size_small bt_bb_shape_circle bt_bb_target_self bt_bb_text_empty bt_bb_align_inherit\" style=\"; --primary-color:#808080; --secondary-color:#f8af24;\" data-bt-override-class=\"{}\"><span  data-ico-fontawesome=\"&#xf0e0;\" class=\"bt_bb_icon_holder\"><\/span><\/div><div class=\"bt_bb_separator bt_bb_border_style_none bt_bb_bottom_spacing_small\" data-bt-override-class=\"null\"><\/div><\/div><\/div><\/div><\/div><\/div><\/div><!-- cell_inner --><\/div><!-- cell --><\/div><!-- port --><\/section><\/p>\n","protected":false},"excerpt":{"rendered":"","protected":false},"author":2,"featured_media":8,"parent":0,"menu_order":0,"comment_status":"closed","ping_status":"closed","template":"","meta":{"footnotes":""},"class_list":["post-1407","page","type-page","status-publish","has-post-thumbnail","hentry"],"_links":{"self":[{"href":"http:\/\/www.unispourdrap.fr\/index.php?rest_route=\/wp\/v2\/pages\/1407","targetHints":{"allow":["GET"]}}],"collection":[{"href":"http:\/\/www.unispourdrap.fr\/index.php?rest_route=\/wp\/v2\/pages"}],"about":[{"href":"http:\/\/www.unispourdrap.fr\/index.php?rest_route=\/wp\/v2\/types\/page"}],"author":[{"embeddable":true,"href":"http:\/\/www.unispourdrap.fr\/index.php?rest_route=\/wp\/v2\/users\/2"}],"replies":[{"embeddable":true,"href":"http:\/\/www.unispourdrap.fr\/index.php?rest_route=%2Fwp%2Fv2%2Fcomments&post=1407"}],"version-history":[{"count":6,"href":"http:\/\/www.unispourdrap.fr\/index.php?rest_route=\/wp\/v2\/pages\/1407\/revisions"}],"predecessor-version":[{"id":2811,"href":"http:\/\/www.unispourdrap.fr\/index.php?rest_route=\/wp\/v2\/pages\/1407\/revisions\/2811"}],"wp:featuredmedia":[{"embeddable":true,"href":"http:\/\/www.unispourdrap.fr\/index.php?rest_route=\/"}],"wp:attachment":[{"href":"http:\/\/www.unispourdrap.fr\/index.php?rest_route=%2Fwp%2Fv2%2Fmedia&parent=1407"}],"curies":[{"name":"wp","href":"https:\/\/api.w.org\/{rel}","templated":true}]}}